{"id":18,"date":"2026-01-28T14:34:29","date_gmt":"2026-01-28T13:34:29","guid":{"rendered":"https:\/\/fseschueler4.bplaced.net\/www\/wordpress\/?page_id=18"},"modified":"2026-02-19T12:42:49","modified_gmt":"2026-02-19T11:42:49","slug":"gleichstrom","status":"publish","type":"page","link":"https:\/\/fseschueler4.bplaced.net\/www\/wordpress\/gleichstrom\/","title":{"rendered":"Gleichstrom"},"content":{"rendered":"\n<p><strong>Gleichstrom<\/strong> ist eine Stromart, bei der die Elektronen immer in die gleiche Richtung flie\u00dfen. Die Stromrichtung \u00e4ndert sich also nicht.<\/p>\n\n\n\n<h3 class=\"wp-block-heading\">Einfach erkl\u00e4rt<\/h3>\n\n\n\n<p>Man kann sich Gleichstrom wie Wasser in einem Schlauch vorstellen, das st\u00e4ndig in eine Richtung flie\u00dft.<\/p>\n\n\n\n<p>Typische Quellen f\u00fcr Gleichstrom sind:<\/p>\n\n\n\n<ul class=\"wp-block-list\">\n<li>Batterien<\/li>\n\n\n\n<li>Akkus<\/li>\n\n\n\n<li>Solarzellen<\/li>\n<\/ul>\n\n\n\n<hr class=\"wp-block-separator has-alpha-channel-opacity\"\/>\n\n\n\n<h3 class=\"wp-block-heading\">Stromrichtung<\/h3>\n\n\n\n<p>Beim Gleichstrom bleibt die Richtung konstant:<\/p>\n\n\n\n<p>I=konstant<\/p>\n\n\n\n<p>Dabei bedeutet:<\/p>\n\n\n\n<ul class=\"wp-block-list\">\n<li>I = Stromst\u00e4rke (in Ampere)<\/li>\n<\/ul>\n\n\n\n<hr class=\"wp-block-separator has-alpha-channel-opacity\"\/>\n\n\n\n<h3 class=\"wp-block-heading\">Spannung bei Gleichstrom<\/h3>\n\n\n\n<p>Auch die elektrische Spannung bleibt gleich:<\/p>\n\n\n\n<p>U=konstant<\/p>\n\n\n\n<p>Dabei bedeutet:<\/p>\n\n\n\n<ul class=\"wp-block-list\">\n<li>U = Spannung (in Volt)<\/li>\n<\/ul>\n\n\n\n<hr class=\"wp-block-separator has-alpha-channel-opacity\"\/>\n\n\n\n<h3 class=\"wp-block-heading\">Beispiel<\/h3>\n\n\n\n<p>Eine <math xmlns=\"http:\/\/www.w3.org\/1998\/Math\/MathML\"><semantics><mrow><mn>1,5<\/mn><mtext>\u2009<\/mtext><mtext>V<\/mtext><\/mrow><annotation encoding=\"application\/x-tex\">1{,}5\\,\\text{V}<\/annotation><\/semantics><\/math>-Batterie liefert Gleichstrom.<br>Die Elektronen flie\u00dfen dabei vom Minuspol zum Pluspol.<\/p>\n\n\n\n<hr class=\"wp-block-separator has-alpha-channel-opacity\"\/>\n\n\n\n<h3 class=\"wp-block-heading\">Kurzfassung<\/h3>\n\n\n\n<p>Gleichstrom flie\u00dft gleichm\u00e4\u00dfig in nur eine Richtung und wird zum Beispiel von Batterien und Solarzellen geliefert.<\/p>\n","protected":false},"excerpt":{"rendered":"<p>Gleichstrom ist eine Stromart, bei der die Elektronen immer in die gleiche Richtung flie\u00dfen. Die Stromrichtung \u00e4ndert sich also nicht. Einfach erkl\u00e4rt Man kann sich Gleichstrom wie Wasser in einem Schlauch vorstellen, das st\u00e4ndig in eine Richtung flie\u00dft. Typische Quellen f\u00fcr Gleichstrom sind: Stromrichtung Beim Gleichstrom bleibt die Richtung konstant: I=konstant Dabei bedeutet: Spannung bei &hellip; <a href=\"https:\/\/fseschueler4.bplaced.net\/www\/wordpress\/gleichstrom\/\" class=\"more-link\"><span class=\"screen-reader-text\">Gleichstrom<\/span> weiterlesen<\/a><\/p>\n","protected":false},"author":1,"featured_media":0,"parent":0,"menu_order":0,"comment_status":"closed","ping_status":"closed","template":"","meta":{"footnotes":""},"class_list":["post-18","page","type-page","status-publish","hentry"],"_links":{"self":[{"href":"https:\/\/fseschueler4.bplaced.net\/www\/wordpress\/wp-json\/wp\/v2\/pages\/18","targetHints":{"allow":["GET"]}}],"collection":[{"href":"https:\/\/fseschueler4.bplaced.net\/www\/wordpress\/wp-json\/wp\/v2\/pages"}],"about":[{"href":"https:\/\/fseschueler4.bplaced.net\/www\/wordpress\/wp-json\/wp\/v2\/types\/page"}],"author":[{"embeddable":true,"href":"https:\/\/fseschueler4.bplaced.net\/www\/wordpress\/wp-json\/wp\/v2\/users\/1"}],"replies":[{"embeddable":true,"href":"https:\/\/fseschueler4.bplaced.net\/www\/wordpress\/wp-json\/wp\/v2\/comments?post=18"}],"version-history":[{"count":45,"href":"https:\/\/fseschueler4.bplaced.net\/www\/wordpress\/wp-json\/wp\/v2\/pages\/18\/revisions"}],"predecessor-version":[{"id":92,"href":"https:\/\/fseschueler4.bplaced.net\/www\/wordpress\/wp-json\/wp\/v2\/pages\/18\/revisions\/92"}],"wp:attachment":[{"href":"https:\/\/fseschueler4.bplaced.net\/www\/wordpress\/wp-json\/wp\/v2\/media?parent=18"}],"curies":[{"name":"wp","href":"https:\/\/api.w.org\/{rel}","templated":true}]}}