{"id":82,"date":"2026-02-06T11:53:56","date_gmt":"2026-02-06T10:53:56","guid":{"rendered":"https:\/\/fseschueler4.bplaced.net\/www\/wordpress\/?page_id=82"},"modified":"2026-02-19T12:34:20","modified_gmt":"2026-02-19T11:34:20","slug":"ohmsches-gestz","status":"publish","type":"page","link":"https:\/\/fseschueler4.bplaced.net\/www\/wordpress\/ohmsches-gestz\/","title":{"rendered":"Ohmsches Gestz"},"content":{"rendered":"\n<p>Ohmsches Gesetz<\/p>\n\n\n\n<p>Das <strong>Ohmsche Gesetz<\/strong> beschreibt den linearen Zusammenhang zwischen der elektrischen Spannung <em>U<\/em>, dem elektrischen Strom <em>I<\/em> und dem elektrischen Widerstand <em>R<\/em>.<\/p>\n\n\n\n<p>Es gilt:<\/p>\n\n\n\n<p><strong>Spannung:<\/strong><\/p>\n\n\n\n<p><em>U<\/em>=<em>R<\/em>\u22c5<em>I<\/em><\/p>\n\n\n\n<p><strong>Strom:<\/strong><\/p>\n\n\n\n<p><em>I<\/em>=<em>U<\/em><em>R<\/em><\/p>\n\n\n\n<p><strong>Widerstand:<\/strong><\/p>\n\n\n\n<p><em>R<\/em>=<em>U<\/em><em>I<\/em><\/p>\n\n\n\n<h3 class=\"wp-block-heading\">Erkl\u00e4rung<\/h3>\n\n\n\n<ul class=\"wp-block-list\">\n<li><em>U<\/em>: elektrische Spannung in Volt (V)<\/li>\n\n\n\n<li><em>I<\/em>: elektrischer Strom in Ampere (A)<\/li>\n\n\n\n<li><em>R<\/em>: elektrischer Widerstand in Ohm (\u03a9)<\/li>\n<\/ul>\n\n\n\n<p>Das Ohmsche Gesetz zeigt, dass die Spannung <em>U<\/em> proportional zum Strom <em>I<\/em> ist, wobei der Proportionalit\u00e4tsfaktor der Widerstand <em>R<\/em> ist. Ein h\u00f6herer Widerstand bedeutet, dass f\u00fcr denselben Strom eine gr\u00f6\u00dfere Spannung angelegt werden muss.<\/p>\n","protected":false},"excerpt":{"rendered":"<p>Ohmsches Gesetz Das Ohmsche Gesetz beschreibt den linearen Zusammenhang zwischen der elektrischen Spannung U, dem elektrischen Strom I und dem elektrischen Widerstand R. Es gilt: Spannung: U=R\u22c5I Strom: I=UR Widerstand: R=UI Erkl\u00e4rung Das Ohmsche Gesetz zeigt, dass die Spannung U proportional zum Strom I ist, wobei der Proportionalit\u00e4tsfaktor der Widerstand R ist. Ein h\u00f6herer Widerstand &hellip; <a href=\"https:\/\/fseschueler4.bplaced.net\/www\/wordpress\/ohmsches-gestz\/\" class=\"more-link\"><span class=\"screen-reader-text\">Ohmsches Gestz<\/span> weiterlesen<\/a><\/p>\n","protected":false},"author":1,"featured_media":0,"parent":0,"menu_order":0,"comment_status":"closed","ping_status":"closed","template":"","meta":{"footnotes":""},"class_list":["post-82","page","type-page","status-publish","hentry"],"_links":{"self":[{"href":"https:\/\/fseschueler4.bplaced.net\/www\/wordpress\/wp-json\/wp\/v2\/pages\/82","targetHints":{"allow":["GET"]}}],"collection":[{"href":"https:\/\/fseschueler4.bplaced.net\/www\/wordpress\/wp-json\/wp\/v2\/pages"}],"about":[{"href":"https:\/\/fseschueler4.bplaced.net\/www\/wordpress\/wp-json\/wp\/v2\/types\/page"}],"author":[{"embeddable":true,"href":"https:\/\/fseschueler4.bplaced.net\/www\/wordpress\/wp-json\/wp\/v2\/users\/1"}],"replies":[{"embeddable":true,"href":"https:\/\/fseschueler4.bplaced.net\/www\/wordpress\/wp-json\/wp\/v2\/comments?post=82"}],"version-history":[{"count":2,"href":"https:\/\/fseschueler4.bplaced.net\/www\/wordpress\/wp-json\/wp\/v2\/pages\/82\/revisions"}],"predecessor-version":[{"id":87,"href":"https:\/\/fseschueler4.bplaced.net\/www\/wordpress\/wp-json\/wp\/v2\/pages\/82\/revisions\/87"}],"wp:attachment":[{"href":"https:\/\/fseschueler4.bplaced.net\/www\/wordpress\/wp-json\/wp\/v2\/media?parent=82"}],"curies":[{"name":"wp","href":"https:\/\/api.w.org\/{rel}","templated":true}]}}