{"id":93,"date":"2026-02-26T12:11:12","date_gmt":"2026-02-26T11:11:12","guid":{"rendered":"https:\/\/fseschueler4.bplaced.net\/www\/wordpress\/?page_id=93"},"modified":"2026-02-26T12:34:58","modified_gmt":"2026-02-26T11:34:58","slug":"kirchhoffsches-gesetz","status":"publish","type":"page","link":"https:\/\/fseschueler4.bplaced.net\/www\/wordpress\/kirchhoffsches-gesetz\/","title":{"rendered":"Halbleiter"},"content":{"rendered":"\n<p>Halbleiter sind Materialien, deren elektrische Leitf\u00e4higkeit zwischen der von Leitern und Isolatoren liegt. Ihre Leitf\u00e4higkeit kann gezielt beeinflusst werden, wodurch sie sich besonders f\u00fcr elektronische Bauelemente eignen.<\/p>\n\n\n\n<p>Wichtige Halbleitermaterialien sind Silizium (Si) und Germanium (Ge). Durch Dotierung lassen sich die elektrischen Eigenschaften gezielt einstellen. Halbleiter bilden die Grundlage moderner Elektronik.<\/p>\n","protected":false},"excerpt":{"rendered":"<p>Halbleiter sind Materialien, deren elektrische Leitf\u00e4higkeit zwischen der von Leitern und Isolatoren liegt. Ihre Leitf\u00e4higkeit kann gezielt beeinflusst werden, wodurch sie sich besonders f\u00fcr elektronische Bauelemente eignen. Wichtige Halbleitermaterialien sind Silizium (Si) und Germanium (Ge). Durch Dotierung lassen sich die elektrischen Eigenschaften gezielt einstellen. Halbleiter bilden die Grundlage moderner Elektronik.<\/p>\n","protected":false},"author":1,"featured_media":0,"parent":0,"menu_order":0,"comment_status":"closed","ping_status":"closed","template":"","meta":{"footnotes":""},"class_list":["post-93","page","type-page","status-publish","hentry"],"_links":{"self":[{"href":"https:\/\/fseschueler4.bplaced.net\/www\/wordpress\/wp-json\/wp\/v2\/pages\/93","targetHints":{"allow":["GET"]}}],"collection":[{"href":"https:\/\/fseschueler4.bplaced.net\/www\/wordpress\/wp-json\/wp\/v2\/pages"}],"about":[{"href":"https:\/\/fseschueler4.bplaced.net\/www\/wordpress\/wp-json\/wp\/v2\/types\/page"}],"author":[{"embeddable":true,"href":"https:\/\/fseschueler4.bplaced.net\/www\/wordpress\/wp-json\/wp\/v2\/users\/1"}],"replies":[{"embeddable":true,"href":"https:\/\/fseschueler4.bplaced.net\/www\/wordpress\/wp-json\/wp\/v2\/comments?post=93"}],"version-history":[{"count":4,"href":"https:\/\/fseschueler4.bplaced.net\/www\/wordpress\/wp-json\/wp\/v2\/pages\/93\/revisions"}],"predecessor-version":[{"id":124,"href":"https:\/\/fseschueler4.bplaced.net\/www\/wordpress\/wp-json\/wp\/v2\/pages\/93\/revisions\/124"}],"wp:attachment":[{"href":"https:\/\/fseschueler4.bplaced.net\/www\/wordpress\/wp-json\/wp\/v2\/media?parent=93"}],"curies":[{"name":"wp","href":"https:\/\/api.w.org\/{rel}","templated":true}]}}